{"id":2598,"date":"2026-02-06T12:03:32","date_gmt":"2026-02-06T12:03:32","guid":{"rendered":"https:\/\/miklosimuzeum.hu\/?page_id=2598"},"modified":"2026-02-09T20:16:25","modified_gmt":"2026-02-09T20:16:25","slug":"ertektar","status":"publish","type":"page","link":"https:\/\/miklosimuzeum.hu\/en\/ertektar\/","title":{"rendered":"Telep\u00fcl\u00e9si \u00c9rt\u00e9kt\u00e1r"},"content":{"rendered":"<div class=\"wp-block-image\">\n<figure class=\"aligncenter size-full is-resized\"><img fetchpriority=\"high\" decoding=\"async\" width=\"1000\" height=\"412\" src=\"https:\/\/miklosimuzeum.hu\/wp-content\/uploads\/2026\/02\/Ertektar-logo-kekfeher.png\" alt=\"\" class=\"wp-image-2836\" style=\"width:500px\"\/><\/figure>\n<\/div>\n\n\n<p>Szigetszentmikl\u00f3s a 2012. \u00e9vi XXX. t\u00f6rv\u00e9ny \u00e9rtelm\u00e9ben telep\u00fcl\u00e9si \u00e9rt\u00e9kt\u00e1rat hozott l\u00e9tre, melyben a v\u00e1roslak\u00f3k a lak\u00f3hely\u00fck sz\u00e1m\u00e1ra fontos szellemi \u00e9s \u00e9p\u00edtett \u00f6r\u00f6ks\u00e9get gy\u0171jthetik. Az \u00e9rt\u00e9kt\u00e1r tagjainak befogad\u00e1s\u00e1r\u00f3l a Telep\u00fcl\u00e9si \u00c9rt\u00e9kt\u00e1r Bizotts\u00e1g d\u00f6nt, de az \u00e9rt\u00e9kt\u00e1rba b\u00e1rki, aki Szigetszentmikl\u00f3son \u00e9l, javasolhat \u00faj tagokat. Az \u00e9rt\u00e9kt\u00e1r l\u00e9trehoz\u00e1sa ut\u00e1n az els\u0151 k\u00e9t \u00e9vben hat tagja lett az \u00e9rt\u00e9kt\u00e1rnak. 2025-ben a Helyt\u00f6rt\u00e9neti Gy\u0171jtem\u00e9ny \u00c9rt\u00e9keink Nyom\u00e1ban c\u00edm\u0171 p\u00e1ly\u00e1zat\u00e1nak eredm\u00e9nyek\u00e9nt szigetszentmikl\u00f3si di\u00e1kok k\u00f6zrem\u0171k\u00f6d\u00e9s\u00e9vel \u00fajabb 14 taggal b\u0151v\u00fclt az \u00e9rt\u00e9kt\u00e1r.<\/p>\n\n\n\n<h2 class=\"wp-block-heading\" id=\"1-mi-tartozhat-a-helyi-%C3%A9rt%C3%A9kek-k%C3%B6r%C3%A9be\">Mi tartozhat a helyi \u00e9rt\u00e9kek k\u00f6r\u00e9be?<\/h2>\n\n\n\n<p>\u25cf \u00e9p\u00fcletek, \u00e9p\u00edtm\u00e9nyek, eszk\u00f6z\u00f6k, t\u00e1rgyak,<br>\u25cf szellemi alkot\u00e1sok, term\u00e9kek, tud\u00f3sok, \u00edr\u00f3k, m\u0171v\u00e9szek \u00e9letm\u0171ve,<br>\u25cf term\u00e9szeti \u00e9rt\u00e9kek,<br>\u25cf elismert sportol\u00f3k \u00e1ltal el\u00e9rt eredm\u00e9nyek,<br>\u25cf szobrok, m\u0171alkot\u00e1sok,<br>\u25cf kiemelt rendezv\u00e9nyek, turisztikai l\u00e1tv\u00e1nyoss\u00e1gok, helyi k\u00f6z\u00f6ss\u00e9gek stb.,<br>\u25cf \u00e9s minden \u00e9rt\u00e9k, ami a helyi identit\u00e1st er\u0151s\u00edtheti.<\/p>\n\n\n\n<h2 class=\"wp-block-heading\">A telep\u00fcl\u00e9si \u00e9rt\u00e9kt\u00e1rba tartoz\u00f3 \u00e9rt\u00e9kek<\/h2>\n\n\n\t\t<div class=\"rttpg-block-postgrid rttpg-block-wrapper rttpg-block-c42d43 tpg-filter-type-dropdown pagination-visibility-show section-title-style-style1 img_hover_animation_default title-default title_position_default title_hover_border_default meta_position_default tpg-is-author-icon-default author-image-visibility-icon tpg-category-position-default readmore-btn-default-style grid-hover-overlay-type-always grid-hover-overlay-height-default hover-overlay-height-default tpg-title-border-default filter-nex-prev-btn-visible tpg-cat-style1 slider-scroll-hide act-label-style-inline\">\n\t\t\t<div class=\"rt-container-fluid rt-tpg-container tpg-el-main-wrapper clearfix grid-layout1-main\"\n\t\t\t\t id=\"rt-tpg-container-1795176117\"\n\t\t\t\t data-layout=\"grid-layout1\"\n\t\t\t\t data-grid-style=\"tpg-full-height\" data-sc-id=\"elementor\"\n\t\t\t\t data-el-settings=''\n\t\t\t\t data-el-query=''\n\t\t\t\t data-el-path=''>\n\t\t\t\t\t\t\t\t<div class='tpg-header-wrapper'>\n\t\t\t\t\t\t\t\t<\/div>\n\t\t\t\t\n\t\t\t\t<div class=\"rt-row rt-content-loader gutenberg-inner grid-layout1 grid-behaviour tpg-full-height grid_layout_wrapper\">\n\t\t\t\t\t\n<div class=\"rt-col-md-4 rt-col-sm-6 rt-col-xs-12 default rt-grid-item post-2802 post type-post status-publish format-standard has-post-thumbnail hentry category-ertektar tag-telepulesi-ertektar entry has-media\"\t\tdata-id=\"2802\">\n\t<div class=\"rt-holder tpg-post-holder\">\n\t\t<div class=\"rt-detail rt-el-content-wrapper\">\n\t\t\t\t\t\t\t<div class=\"rt-img-holder tpg-el-image-wrap has-thumbnail\">\n\t\t\t\t\t<a data-id=\"2802\" href=\"https:\/\/miklosimuzeum.hu\/en\/2026\/02\/09\/fenyszoro-a-csepel-autogyar-uzemi-lapja\/\" class=\"tpg-post-link\" target=\"_self\">                        <img decoding=\"async\" src=\"https:\/\/miklosimuzeum.hu\/wp-content\/uploads\/2026\/02\/14-cover.jpg\"\n                             class=\"rt-img-responsive\"\n                             width=\"600\"\n                             height=\"600\"\n                             alt=\"F\u00e9nysz\u00f3r\u00f3 &#8211; a Csepel Aut\u00f3gy\u00e1r \u00fczemi lapja\">\n\t\t\t\t\t\t\n\t\t\t\t\t\t\t\n\t\t<\/a>\n\t\t        <div class=\"overlay grid-hover-content\"><\/div>\n\t\t\t\t\t\t<\/div>\n\t\t\t\n\t\t\t<div class=\"entry-title-wrapper\"><h3 class=\"entry-title\"><a data-id=\"2802\" href=\"https:\/\/miklosimuzeum.hu\/en\/2026\/02\/09\/fenyszoro-a-csepel-autogyar-uzemi-lapja\/\" class=\"tpg-post-link\" target=\"_self\">F\u00e9nysz\u00f3r\u00f3 &#8211; a Csepel Aut\u00f3gy\u00e1r \u00fczemi lapja<\/a><\/h3><\/div>\n\t\t\t\n\t\t\t\t\t<\/div>\n\t<\/div>\n<\/div>\n<div class=\"rt-col-md-4 rt-col-sm-6 rt-col-xs-12 default rt-grid-item post-2792 post type-post status-publish format-standard has-post-thumbnail hentry category-ertektar tag-telepulesi-ertektar entry has-media\"\t\tdata-id=\"2792\">\n\t<div class=\"rt-holder tpg-post-holder\">\n\t\t<div class=\"rt-detail rt-el-content-wrapper\">\n\t\t\t\t\t\t\t<div class=\"rt-img-holder tpg-el-image-wrap has-thumbnail\">\n\t\t\t\t\t<a data-id=\"2792\" href=\"https:\/\/miklosimuzeum.hu\/en\/2026\/02\/09\/voo-imre-szigetszentmiklos-helytortenesze\/\" class=\"tpg-post-link\" target=\"_self\">                        <img decoding=\"async\" src=\"https:\/\/miklosimuzeum.hu\/wp-content\/uploads\/2026\/02\/13-cover.jpg\"\n                             class=\"rt-img-responsive\"\n                             width=\"600\"\n                             height=\"600\"\n                             alt=\"V\u00f6\u0151 Imre \u2013 Szigetszentmikl\u00f3s helyt\u00f6rt\u00e9n\u00e9sze\">\n\t\t\t\t\t\t\n\t\t\t\t\t\t\t\n\t\t<\/a>\n\t\t        <div class=\"overlay grid-hover-content\"><\/div>\n\t\t\t\t\t\t<\/div>\n\t\t\t\n\t\t\t<div class=\"entry-title-wrapper\"><h3 class=\"entry-title\"><a data-id=\"2792\" href=\"https:\/\/miklosimuzeum.hu\/en\/2026\/02\/09\/voo-imre-szigetszentmiklos-helytortenesze\/\" class=\"tpg-post-link\" target=\"_self\">V\u00f6\u0151 Imre \u2013 Szigetszentmikl\u00f3s helyt\u00f6rt\u00e9n\u00e9sze<\/a><\/h3><\/div>\n\t\t\t\n\t\t\t\t\t<\/div>\n\t<\/div>\n<\/div>\n<div class=\"rt-col-md-4 rt-col-sm-6 rt-col-xs-12 default rt-grid-item post-2787 post type-post status-publish format-standard has-post-thumbnail hentry category-ertektar tag-telepulesi-ertektar entry has-media\"\t\tdata-id=\"2787\">\n\t<div class=\"rt-holder tpg-post-holder\">\n\t\t<div class=\"rt-detail rt-el-content-wrapper\">\n\t\t\t\t\t\t\t<div class=\"rt-img-holder tpg-el-image-wrap has-thumbnail\">\n\t\t\t\t\t<a data-id=\"2787\" href=\"https:\/\/miklosimuzeum.hu\/en\/2026\/02\/09\/a-molnar-imre-citeragyujtemeny\/\" class=\"tpg-post-link\" target=\"_self\">                        <img loading=\"lazy\" decoding=\"async\" src=\"https:\/\/miklosimuzeum.hu\/wp-content\/uploads\/2026\/02\/12-cover.jpg\"\n                             class=\"rt-img-responsive\"\n                             width=\"600\"\n                             height=\"600\"\n                             alt=\"A Moln\u00e1r Imre Citeragy\u0171jtem\u00e9ny\">\n\t\t\t\t\t\t\n\t\t\t\t\t\t\t\n\t\t<\/a>\n\t\t        <div class=\"overlay grid-hover-content\"><\/div>\n\t\t\t\t\t\t<\/div>\n\t\t\t\n\t\t\t<div class=\"entry-title-wrapper\"><h3 class=\"entry-title\"><a data-id=\"2787\" href=\"https:\/\/miklosimuzeum.hu\/en\/2026\/02\/09\/a-molnar-imre-citeragyujtemeny\/\" class=\"tpg-post-link\" target=\"_self\">A Moln\u00e1r Imre Citeragy\u0171jtem\u00e9ny<\/a><\/h3><\/div>\n\t\t\t\n\t\t\t\t\t<\/div>\n\t<\/div>\n<\/div>\n<div class=\"rt-col-md-4 rt-col-sm-6 rt-col-xs-12 default rt-grid-item post-2781 post type-post status-publish format-standard has-post-thumbnail hentry category-ertektar tag-telepulesi-ertektar entry has-media\"\t\tdata-id=\"2781\">\n\t<div class=\"rt-holder tpg-post-holder\">\n\t\t<div class=\"rt-detail rt-el-content-wrapper\">\n\t\t\t\t\t\t\t<div class=\"rt-img-holder tpg-el-image-wrap has-thumbnail\">\n\t\t\t\t\t<a data-id=\"2781\" href=\"https:\/\/miklosimuzeum.hu\/en\/2026\/02\/09\/a-nadasdy-filmszinhaz\/\" class=\"tpg-post-link\" target=\"_self\">                        <img loading=\"lazy\" decoding=\"async\" src=\"https:\/\/miklosimuzeum.hu\/wp-content\/uploads\/2026\/02\/11-cover.jpg\"\n                             class=\"rt-img-responsive\"\n                             width=\"600\"\n                             height=\"600\"\n                             alt=\"A N\u00e1dasdy Filmsz\u00ednh\u00e1z\">\n\t\t\t\t\t\t\n\t\t\t\t\t\t\t\n\t\t<\/a>\n\t\t        <div class=\"overlay grid-hover-content\"><\/div>\n\t\t\t\t\t\t<\/div>\n\t\t\t\n\t\t\t<div class=\"entry-title-wrapper\"><h3 class=\"entry-title\"><a data-id=\"2781\" href=\"https:\/\/miklosimuzeum.hu\/en\/2026\/02\/09\/a-nadasdy-filmszinhaz\/\" class=\"tpg-post-link\" target=\"_self\">A N\u00e1dasdy Filmsz\u00ednh\u00e1z<\/a><\/h3><\/div>\n\t\t\t\n\t\t\t\t\t<\/div>\n\t<\/div>\n<\/div>\n<div class=\"rt-col-md-4 rt-col-sm-6 rt-col-xs-12 default rt-grid-item post-2772 post type-post status-publish format-standard has-post-thumbnail hentry category-ertektar tag-telepulesi-ertektar entry has-media\"\t\tdata-id=\"2772\">\n\t<div class=\"rt-holder tpg-post-holder\">\n\t\t<div class=\"rt-detail rt-el-content-wrapper\">\n\t\t\t\t\t\t\t<div class=\"rt-img-holder tpg-el-image-wrap has-thumbnail\">\n\t\t\t\t\t<a data-id=\"2772\" href=\"https:\/\/miklosimuzeum.hu\/en\/2026\/02\/09\/szksk-szigetszentmiklosi-kezilabda-sportkor\/\" class=\"tpg-post-link\" target=\"_self\">                        <img loading=\"lazy\" decoding=\"async\" src=\"https:\/\/miklosimuzeum.hu\/wp-content\/uploads\/2026\/02\/10-cover.jpg\"\n                             class=\"rt-img-responsive\"\n                             width=\"600\"\n                             height=\"600\"\n                             alt=\"SZKSK &#8211; Szigetszentmikl\u00f3si K\u00e9zilabda Sportk\u00f6r\">\n\t\t\t\t\t\t\n\t\t\t\t\t\t\t\n\t\t<\/a>\n\t\t        <div class=\"overlay grid-hover-content\"><\/div>\n\t\t\t\t\t\t<\/div>\n\t\t\t\n\t\t\t<div class=\"entry-title-wrapper\"><h3 class=\"entry-title\"><a data-id=\"2772\" href=\"https:\/\/miklosimuzeum.hu\/en\/2026\/02\/09\/szksk-szigetszentmiklosi-kezilabda-sportkor\/\" class=\"tpg-post-link\" target=\"_self\">SZKSK &#8211; Szigetszentmikl\u00f3si K\u00e9zilabda Sportk\u00f6r<\/a><\/h3><\/div>\n\t\t\t\n\t\t\t\t\t<\/div>\n\t<\/div>\n<\/div>\n<div class=\"rt-col-md-4 rt-col-sm-6 rt-col-xs-12 default rt-grid-item post-2755 post type-post status-publish format-standard has-post-thumbnail hentry category-ertektar tag-telepulesi-ertektar entry has-media\"\t\tdata-id=\"2755\">\n\t<div class=\"rt-holder tpg-post-holder\">\n\t\t<div class=\"rt-detail rt-el-content-wrapper\">\n\t\t\t\t\t\t\t<div class=\"rt-img-holder tpg-el-image-wrap has-thumbnail\">\n\t\t\t\t\t<a data-id=\"2755\" href=\"https:\/\/miklosimuzeum.hu\/en\/2026\/02\/09\/insula-szigetszentmiklosi-alkotomuveszek-egyesulete\/\" class=\"tpg-post-link\" target=\"_self\">                        <img loading=\"lazy\" decoding=\"async\" src=\"https:\/\/miklosimuzeum.hu\/wp-content\/uploads\/2026\/02\/08-cover.jpg\"\n                             class=\"rt-img-responsive\"\n                             width=\"600\"\n                             height=\"600\"\n                             alt=\"Insula &#8211; Szigetszentmikl\u00f3si Alkot\u00f3m\u0171v\u00e9szek Egyes\u00fclete\">\n\t\t\t\t\t\t\n\t\t\t\t\t\t\t\n\t\t<\/a>\n\t\t        <div class=\"overlay grid-hover-content\"><\/div>\n\t\t\t\t\t\t<\/div>\n\t\t\t\n\t\t\t<div class=\"entry-title-wrapper\"><h3 class=\"entry-title\"><a data-id=\"2755\" href=\"https:\/\/miklosimuzeum.hu\/en\/2026\/02\/09\/insula-szigetszentmiklosi-alkotomuveszek-egyesulete\/\" class=\"tpg-post-link\" target=\"_self\">Insula &#8211; Szigetszentmikl\u00f3si Alkot\u00f3m\u0171v\u00e9szek Egyes\u00fclete<\/a><\/h3><\/div>\n\t\t\t\n\t\t\t\t\t<\/div>\n\t<\/div>\n<\/div>\n<div class=\"rt-col-md-4 rt-col-sm-6 rt-col-xs-12 default rt-grid-item post-2747 post type-post status-publish format-standard has-post-thumbnail hentry category-ertektar tag-arpad-strand tag-halaszkert tag-telepulesi-ertektar entry has-media\"\t\tdata-id=\"2747\">\n\t<div class=\"rt-holder tpg-post-holder\">\n\t\t<div class=\"rt-detail rt-el-content-wrapper\">\n\t\t\t\t\t\t\t<div class=\"rt-img-holder tpg-el-image-wrap has-thumbnail\">\n\t\t\t\t\t<a data-id=\"2747\" href=\"https:\/\/miklosimuzeum.hu\/en\/2026\/02\/09\/a-halaszkert\/\" class=\"tpg-post-link\" target=\"_self\">                        <img loading=\"lazy\" decoding=\"async\" src=\"https:\/\/miklosimuzeum.hu\/wp-content\/uploads\/2026\/02\/07-cover.jpg\"\n                             class=\"rt-img-responsive\"\n                             width=\"600\"\n                             height=\"600\"\n                             alt=\"A Hal\u00e1szkert\">\n\t\t\t\t\t\t\n\t\t\t\t\t\t\t\n\t\t<\/a>\n\t\t        <div class=\"overlay grid-hover-content\"><\/div>\n\t\t\t\t\t\t<\/div>\n\t\t\t\n\t\t\t<div class=\"entry-title-wrapper\"><h3 class=\"entry-title\"><a data-id=\"2747\" href=\"https:\/\/miklosimuzeum.hu\/en\/2026\/02\/09\/a-halaszkert\/\" class=\"tpg-post-link\" target=\"_self\">A Hal\u00e1szkert<\/a><\/h3><\/div>\n\t\t\t\n\t\t\t\t\t<\/div>\n\t<\/div>\n<\/div>\n<div class=\"rt-col-md-4 rt-col-sm-6 rt-col-xs-12 default rt-grid-item post-2740 post type-post status-publish format-standard has-post-thumbnail hentry category-ertektar tag-telepulesi-ertektar entry has-media\"\t\tdata-id=\"2740\">\n\t<div class=\"rt-holder tpg-post-holder\">\n\t\t<div class=\"rt-detail rt-el-content-wrapper\">\n\t\t\t\t\t\t\t<div class=\"rt-img-holder tpg-el-image-wrap has-thumbnail\">\n\t\t\t\t\t<a data-id=\"2740\" href=\"https:\/\/miklosimuzeum.hu\/en\/2026\/02\/09\/biro-lajos\/\" class=\"tpg-post-link\" target=\"_self\">                        <img loading=\"lazy\" decoding=\"async\" src=\"https:\/\/miklosimuzeum.hu\/wp-content\/uploads\/2026\/02\/09-cover.jpg\"\n                             class=\"rt-img-responsive\"\n                             width=\"600\"\n                             height=\"600\"\n                             alt=\"B\u00edr\u00f3 Lajos\">\n\t\t\t\t\t\t\n\t\t\t\t\t\t\t\n\t\t<\/a>\n\t\t        <div class=\"overlay grid-hover-content\"><\/div>\n\t\t\t\t\t\t<\/div>\n\t\t\t\n\t\t\t<div class=\"entry-title-wrapper\"><h3 class=\"entry-title\"><a data-id=\"2740\" href=\"https:\/\/miklosimuzeum.hu\/en\/2026\/02\/09\/biro-lajos\/\" class=\"tpg-post-link\" target=\"_self\">B\u00edr\u00f3 Lajos<\/a><\/h3><\/div>\n\t\t\t\n\t\t\t\t\t<\/div>\n\t<\/div>\n<\/div>\n<div class=\"rt-col-md-4 rt-col-sm-6 rt-col-xs-12 default rt-grid-item post-2735 post type-post status-publish format-standard has-post-thumbnail hentry category-ertektar tag-telepulesi-ertektar entry has-media\"\t\tdata-id=\"2735\">\n\t<div class=\"rt-holder tpg-post-holder\">\n\t\t<div class=\"rt-detail rt-el-content-wrapper\">\n\t\t\t\t\t\t\t<div class=\"rt-img-holder tpg-el-image-wrap has-thumbnail\">\n\t\t\t\t\t<a data-id=\"2735\" href=\"https:\/\/miklosimuzeum.hu\/en\/2026\/02\/09\/a-szabo-malom\/\" class=\"tpg-post-link\" target=\"_self\">                        <img loading=\"lazy\" decoding=\"async\" src=\"https:\/\/miklosimuzeum.hu\/wp-content\/uploads\/2026\/02\/06-cover.jpg\"\n                             class=\"rt-img-responsive\"\n                             width=\"600\"\n                             height=\"600\"\n                             alt=\"A Szab\u00f3 Malom\">\n\t\t\t\t\t\t\n\t\t\t\t\t\t\t\n\t\t<\/a>\n\t\t        <div class=\"overlay grid-hover-content\"><\/div>\n\t\t\t\t\t\t<\/div>\n\t\t\t\n\t\t\t<div class=\"entry-title-wrapper\"><h3 class=\"entry-title\"><a data-id=\"2735\" href=\"https:\/\/miklosimuzeum.hu\/en\/2026\/02\/09\/a-szabo-malom\/\" class=\"tpg-post-link\" target=\"_self\">A Szab\u00f3 Malom<\/a><\/h3><\/div>\n\t\t\t\n\t\t\t\t\t<\/div>\n\t<\/div>\n<\/div>\t\t\t\t<\/div>\n\n\t\t\t\t<div class='rt-pagination-wrap' data-total-pages='3' data-posts-per-page='9' data-type='pagination'><div class=\"rt-pagination\"><ul class=\"pagination-list\"><li class=\"active\"><span>1<\/span><\/li><li><a data-paged='2' href='https:\/\/miklosimuzeum.hu\/en\/wp-json\/wp\/v2\/pages\/2598\/page\/2\/'>2<\/a><\/li><li><a data-paged='3' href='https:\/\/miklosimuzeum.hu\/en\/wp-json\/wp\/v2\/pages\/2598\/page\/3\/'>3<\/a><\/li><\/ul><\/div><\/div>\n\t\t\t<\/div>\n\t\t<\/div>\n\t\t\n\n\n<p><\/p>","protected":false},"excerpt":{"rendered":"<p>Szigetszentmikl\u00f3s a 2012. \u00e9vi XXX. t\u00f6rv\u00e9ny \u00e9rtelm\u00e9ben telep\u00fcl\u00e9si \u00e9rt\u00e9kt\u00e1rat hozott l\u00e9tre, melyben a v\u00e1roslak\u00f3k a lak\u00f3hely\u00fck sz\u00e1m\u00e1ra fontos szellemi \u00e9s \u00e9p\u00edtett \u00f6r\u00f6ks\u00e9get gy\u0171jthetik. Az \u00e9rt\u00e9kt\u00e1r tagjainak befogad\u00e1s\u00e1r\u00f3l a Telep\u00fcl\u00e9si \u00c9rt\u00e9kt\u00e1r Bizotts\u00e1g d\u00f6nt, de az \u00e9rt\u00e9kt\u00e1rba b\u00e1rki, aki Szigetszentmikl\u00f3son \u00e9l, javasolhat \u00faj tagokat. Az \u00e9rt\u00e9kt\u00e1r l\u00e9trehoz\u00e1sa ut\u00e1n az els\u0151 k\u00e9t \u00e9vben hat tagja lett az \u00e9rt\u00e9kt\u00e1rnak. [&hellip;]<\/p>","protected":false},"author":1,"featured_media":2531,"parent":0,"menu_order":0,"comment_status":"closed","ping_status":"closed","template":"","meta":{"ub_ctt_via":"","ocean_post_layout":"right-sidebar","ocean_both_sidebars_style":"","ocean_both_sidebars_content_width":0,"ocean_both_sidebars_sidebars_width":0,"ocean_sidebar":"","ocean_second_sidebar":"","ocean_disable_margins":"enable","ocean_add_body_class":"","ocean_shortcode_before_top_bar":"","ocean_shortcode_after_top_bar":"","ocean_shortcode_before_header":"","ocean_shortcode_after_header":"","ocean_has_shortcode":"","ocean_shortcode_after_title":"","ocean_shortcode_before_footer_widgets":"","ocean_shortcode_after_footer_widgets":"","ocean_shortcode_before_footer_bottom":"","ocean_shortcode_after_footer_bottom":"","ocean_display_top_bar":"default","ocean_display_header":"default","ocean_header_style":"","ocean_center_header_left_menu":"","ocean_custom_header_template":"","ocean_custom_logo":0,"ocean_custom_retina_logo":0,"ocean_custom_logo_max_width":0,"ocean_custom_logo_tablet_max_width":0,"ocean_custom_logo_mobile_max_width":0,"ocean_custom_logo_max_height":0,"ocean_custom_logo_tablet_max_height":0,"ocean_custom_logo_mobile_max_height":0,"ocean_header_custom_menu":"","ocean_menu_typo_font_family":"","ocean_menu_typo_font_subset":"","ocean_menu_typo_font_size":0,"ocean_menu_typo_font_size_tablet":0,"ocean_menu_typo_font_size_mobile":0,"ocean_menu_typo_font_size_unit":"px","ocean_menu_typo_font_weight":"","ocean_menu_typo_font_weight_tablet":"","ocean_menu_typo_font_weight_mobile":"","ocean_menu_typo_transform":"","ocean_menu_typo_transform_tablet":"","ocean_menu_typo_transform_mobile":"","ocean_menu_typo_line_height":0,"ocean_menu_typo_line_height_tablet":0,"ocean_menu_typo_line_height_mobile":0,"ocean_menu_typo_line_height_unit":"","ocean_menu_typo_spacing":0,"ocean_menu_typo_spacing_tablet":0,"ocean_menu_typo_spacing_mobile":0,"ocean_menu_typo_spacing_unit":"","ocean_menu_link_color":"","ocean_menu_link_color_hover":"","ocean_menu_link_color_active":"","ocean_menu_link_background":"","ocean_menu_link_hover_background":"","ocean_menu_link_active_background":"","ocean_menu_social_links_bg":"","ocean_menu_social_hover_links_bg":"","ocean_menu_social_links_color":"","ocean_menu_social_hover_links_color":"","ocean_disable_title":"enable","ocean_disable_heading":"enable","ocean_post_title":"","ocean_post_subheading":"","ocean_post_title_style":"background-image","ocean_post_title_background_color":"","ocean_post_title_background":2531,"ocean_post_title_bg_image_position":"","ocean_post_title_bg_image_attachment":"","ocean_post_title_bg_image_repeat":"","ocean_post_title_bg_image_size":"","ocean_post_title_height":0,"ocean_post_title_bg_overlay":0.6999999999999999555910790149937383830547332763671875,"ocean_post_title_bg_overlay_color":"","ocean_disable_breadcrumbs":"default","ocean_breadcrumbs_color":"","ocean_breadcrumbs_separator_color":"","ocean_breadcrumbs_links_color":"","ocean_breadcrumbs_links_hover_color":"","ocean_display_footer_widgets":"default","ocean_display_footer_bottom":"default","ocean_custom_footer_template":"","footnotes":""},"class_list":["post-2598","page","type-page","status-publish","has-post-thumbnail","hentry","entry","has-media"],"featured_image_src":"https:\/\/miklosimuzeum.hu\/wp-content\/uploads\/2025\/11\/Ertektar-WP-BG.jpg","rttpg_featured_image_url":{"full":["https:\/\/miklosimuzeum.hu\/wp-content\/uploads\/2025\/11\/Ertektar-WP-BG.jpg",1921,1281,false],"landscape":["https:\/\/miklosimuzeum.hu\/wp-content\/uploads\/2025\/11\/Ertektar-WP-BG.jpg",1921,1281,false],"portraits":["https:\/\/miklosimuzeum.hu\/wp-content\/uploads\/2025\/11\/Ertektar-WP-BG.jpg",1921,1281,false],"thumbnail":["https:\/\/miklosimuzeum.hu\/wp-content\/uploads\/2025\/11\/Ertektar-WP-BG-150x150.jpg",150,150,true],"medium":["https:\/\/miklosimuzeum.hu\/wp-content\/uploads\/2025\/11\/Ertektar-WP-BG-300x200.jpg",300,200,true],"large":["https:\/\/miklosimuzeum.hu\/wp-content\/uploads\/2025\/11\/Ertektar-WP-BG.jpg",1921,1281,false],"1536x1536":["https:\/\/miklosimuzeum.hu\/wp-content\/uploads\/2025\/11\/Ertektar-WP-BG-1536x1024.jpg",1536,1024,true],"2048x2048":["https:\/\/miklosimuzeum.hu\/wp-content\/uploads\/2025\/11\/Ertektar-WP-BG.jpg",1921,1281,false],"trp-custom-language-flag":["https:\/\/miklosimuzeum.hu\/wp-content\/uploads\/2025\/11\/Ertektar-WP-BG-18x12.jpg",18,12,true],"ocean-thumb-m":["https:\/\/miklosimuzeum.hu\/wp-content\/uploads\/2025\/11\/Ertektar-WP-BG-600x600.jpg",600,600,true],"ocean-thumb-ml":["https:\/\/miklosimuzeum.hu\/wp-content\/uploads\/2025\/11\/Ertektar-WP-BG-800x450.jpg",800,450,true],"ocean-thumb-l":["https:\/\/miklosimuzeum.hu\/wp-content\/uploads\/2025\/11\/Ertektar-WP-BG-1200x700.jpg",1200,700,true]},"rttpg_author":{"display_name":"Miss N\u00e1ndor","author_link":"https:\/\/miklosimuzeum.hu\/en\/author\/admin\/"},"rttpg_comment":0,"rttpg_category":null,"rttpg_excerpt":"Szigetszentmikl\u00f3s a 2012. \u00e9vi XXX. t\u00f6rv\u00e9ny \u00e9rtelm\u00e9ben telep\u00fcl\u00e9si \u00e9rt\u00e9kt\u00e1rat hozott l\u00e9tre, melyben a v\u00e1roslak\u00f3k a lak\u00f3hely\u00fck sz\u00e1m\u00e1ra fontos szellemi \u00e9s \u00e9p\u00edtett \u00f6r\u00f6ks\u00e9get gy\u0171jthetik. Az \u00e9rt\u00e9kt\u00e1r tagjainak befogad\u00e1s\u00e1r\u00f3l a Telep\u00fcl\u00e9si \u00c9rt\u00e9kt\u00e1r Bizotts\u00e1g d\u00f6nt, de az \u00e9rt\u00e9kt\u00e1rba b\u00e1rki, aki Szigetszentmikl\u00f3son \u00e9l, javasolhat \u00faj tagokat. Az \u00e9rt\u00e9kt\u00e1r l\u00e9trehoz\u00e1sa ut\u00e1n az els\u0151 k\u00e9t \u00e9vben hat tagja lett az \u00e9rt\u00e9kt\u00e1rnak.&hellip;","_links":{"self":[{"href":"https:\/\/miklosimuzeum.hu\/en\/wp-json\/wp\/v2\/pages\/2598","targetHints":{"allow":["GET"]}}],"collection":[{"href":"https:\/\/miklosimuzeum.hu\/en\/wp-json\/wp\/v2\/pages"}],"about":[{"href":"https:\/\/miklosimuzeum.hu\/en\/wp-json\/wp\/v2\/types\/page"}],"author":[{"embeddable":true,"href":"https:\/\/miklosimuzeum.hu\/en\/wp-json\/wp\/v2\/users\/1"}],"replies":[{"embeddable":true,"href":"https:\/\/miklosimuzeum.hu\/en\/wp-json\/wp\/v2\/comments?post=2598"}],"version-history":[{"count":15,"href":"https:\/\/miklosimuzeum.hu\/en\/wp-json\/wp\/v2\/pages\/2598\/revisions"}],"predecessor-version":[{"id":2843,"href":"https:\/\/miklosimuzeum.hu\/en\/wp-json\/wp\/v2\/pages\/2598\/revisions\/2843"}],"wp:featuredmedia":[{"embeddable":true,"href":"https:\/\/miklosimuzeum.hu\/en\/wp-json\/wp\/v2\/media\/2531"}],"wp:attachment":[{"href":"https:\/\/miklosimuzeum.hu\/en\/wp-json\/wp\/v2\/media?parent=2598"}],"curies":[{"name":"wp","href":"https:\/\/api.w.org\/{rel}","templated":true}]}}