{"id":2324,"date":"2025-07-07T07:53:27","date_gmt":"2025-07-07T07:53:27","guid":{"rendered":"https:\/\/miklosimuzeum.hu\/?page_id=2324"},"modified":"2026-01-28T11:17:12","modified_gmt":"2026-01-28T11:17:12","slug":"veteran","status":"publish","type":"page","link":"https:\/\/miklosimuzeum.hu\/en\/veteran\/","title":{"rendered":"Csepel-szigeti Veter\u00e1ntal\u00e1lkoz\u00f3"},"content":{"rendered":"<div data-elementor-type=\"wp-page\" data-elementor-id=\"2324\" class=\"elementor elementor-2324\">\n\t\t\t\t\t\t<section class=\"elementor-section elementor-top-section elementor-element elementor-element-d149a06 elementor-section-height-min-height elementor-section-boxed elementor-section-height-default elementor-section-items-middle\" data-id=\"d149a06\" data-element_type=\"section\" data-settings=\"{&quot;background_background&quot;:&quot;classic&quot;,&quot;shape_divider_bottom&quot;:&quot;tilt&quot;}\">\n\t\t\t\t\t<div class=\"elementor-shape elementor-shape-bottom\" data-negative=\"false\">\n\t\t\t<svg xmlns=\"http:\/\/www.w3.org\/2000\/svg\" viewbox=\"0 0 1000 100\" preserveaspectratio=\"none\">\n\t<path class=\"elementor-shape-fill\" d=\"M0,6V0h1000v100L0,6z\"\/>\n<\/svg>\t\t<\/div>\n\t\t\t\t\t<div class=\"elementor-container elementor-column-gap-default\">\n\t\t\t\t\t<div class=\"elementor-column elementor-col-100 elementor-top-column elementor-element elementor-element-264d20a\" data-id=\"264d20a\" data-element_type=\"column\">\n\t\t\t<div class=\"elementor-widget-wrap elementor-element-populated\">\n\t\t\t\t\t\t<div class=\"elementor-element elementor-element-928460f animated-slow elementor-invisible elementor-widget elementor-widget-image\" data-id=\"928460f\" data-element_type=\"widget\" data-settings=\"{&quot;_animation&quot;:&quot;fadeInRight&quot;,&quot;_animation_delay&quot;:10}\" data-widget_type=\"image.default\">\n\t\t\t\t<div class=\"elementor-widget-container\">\n\t\t\t\t\t\t\t\t\t\t\t\t\t\t\t<img fetchpriority=\"high\" decoding=\"async\" width=\"640\" height=\"253\" src=\"https:\/\/miklosimuzeum.hu\/wp-content\/uploads\/2025\/07\/D-705.5-1_a-\u2013-kozepes.png\" class=\"attachment-large size-large wp-image-2330\" alt=\"\" \/>\t\t\t\t\t\t\t\t\t\t\t\t\t\t\t<\/div>\n\t\t\t\t<\/div>\n\t\t\t\t<div class=\"elementor-element elementor-element-b5133eb animated-slow elementor-invisible elementor-widget elementor-widget-heading\" data-id=\"b5133eb\" data-element_type=\"widget\" data-settings=\"{&quot;_animation&quot;:&quot;fadeInUp&quot;,&quot;_animation_delay&quot;:200}\" data-widget_type=\"heading.default\">\n\t\t\t\t<div class=\"elementor-widget-container\">\n\t\t\t\t\t<h2 class=\"elementor-heading-title elementor-size-default\">II. Csepel-szigeti Veter\u00e1ntal\u00e1lkoz\u00f3<\/h2>\t\t\t\t<\/div>\n\t\t\t\t<\/div>\n\t\t\t\t<div class=\"elementor-element elementor-element-a177425 animated-slow elementor-invisible elementor-widget elementor-widget-heading\" data-id=\"a177425\" data-element_type=\"widget\" data-settings=\"{&quot;_animation&quot;:&quot;fadeInUp&quot;,&quot;_animation_delay&quot;:400}\" data-widget_type=\"heading.default\">\n\t\t\t\t<div class=\"elementor-widget-container\">\n\t\t\t\t\t<h2 class=\"elementor-heading-title elementor-size-default\">Oldtimer aut\u00f3k a Csepel Aut\u00f3gy\u00e1rb\u00f3l \u00e9s a szocialista ipar m\u00e1s \u00fczemeib\u0151l<\/h2>\t\t\t\t<\/div>\n\t\t\t\t<\/div>\n\t\t\t\t\t<\/div>\n\t\t<\/div>\n\t\t\t\t\t<\/div>\n\t\t<\/section>\n\t\t\t\t<section class=\"elementor-section elementor-top-section elementor-element elementor-element-847e509 elementor-section-boxed elementor-section-height-default elementor-section-height-default\" data-id=\"847e509\" data-element_type=\"section\" data-settings=\"{&quot;background_background&quot;:&quot;classic&quot;}\">\n\t\t\t\t\t\t<div class=\"elementor-container elementor-column-gap-default\">\n\t\t\t\t\t<div class=\"elementor-column elementor-col-100 elementor-top-column elementor-element elementor-element-a55625e\" data-id=\"a55625e\" data-element_type=\"column\">\n\t\t\t<div class=\"elementor-widget-wrap\">\n\t\t\t\t\t\t\t<\/div>\n\t\t<\/div>\n\t\t\t\t\t<\/div>\n\t\t<\/section>\n\t\t\t\t<section class=\"elementor-section elementor-top-section elementor-element elementor-element-9c5d58d elementor-section-boxed elementor-section-height-default elementor-section-height-default\" data-id=\"9c5d58d\" data-element_type=\"section\" data-settings=\"{&quot;background_background&quot;:&quot;classic&quot;}\">\n\t\t\t\t\t\t<div class=\"elementor-container elementor-column-gap-default\">\n\t\t\t\t\t<div class=\"elementor-column elementor-col-50 elementor-top-column elementor-element elementor-element-066107d\" data-id=\"066107d\" data-element_type=\"column\">\n\t\t\t<div class=\"elementor-widget-wrap elementor-element-populated\">\n\t\t\t\t\t\t<div class=\"elementor-element elementor-element-35f1d0b animated-slow elementor-widget elementor-widget-heading\" data-id=\"35f1d0b\" data-element_type=\"widget\" data-settings=\"{&quot;_animation&quot;:&quot;none&quot;,&quot;_animation_delay&quot;:200}\" data-widget_type=\"heading.default\">\n\t\t\t\t<div class=\"elementor-widget-container\">\n\t\t\t\t\t<h2 class=\"elementor-heading-title elementor-size-default\">Mikor?<\/h2>\t\t\t\t<\/div>\n\t\t\t\t<\/div>\n\t\t\t\t<section class=\"elementor-section elementor-inner-section elementor-element elementor-element-06f19ee elementor-section-boxed elementor-section-height-default elementor-section-height-default\" data-id=\"06f19ee\" data-element_type=\"section\">\n\t\t\t\t\t\t<div class=\"elementor-container elementor-column-gap-default\">\n\t\t\t\t\t<div class=\"elementor-column elementor-col-100 elementor-inner-column elementor-element elementor-element-dc50352\" data-id=\"dc50352\" data-element_type=\"column\">\n\t\t\t<div class=\"elementor-widget-wrap elementor-element-populated\">\n\t\t\t\t\t\t<div class=\"elementor-element elementor-element-298b133 animated-slow elementor-widget elementor-widget-heading\" data-id=\"298b133\" data-element_type=\"widget\" data-settings=\"{&quot;_animation&quot;:&quot;none&quot;,&quot;_animation_delay&quot;:200}\" data-widget_type=\"heading.default\">\n\t\t\t\t<div class=\"elementor-widget-container\">\n\t\t\t\t\t<h2 class=\"elementor-heading-title elementor-size-default\">M\u00e1r csak<\/h2>\t\t\t\t<\/div>\n\t\t\t\t<\/div>\n\t\t\t\t<div class=\"elementor-element elementor-element-6285ec0 elementor-widget elementor-widget-eael-countdown\" data-id=\"6285ec0\" data-element_type=\"widget\" data-widget_type=\"eael-countdown.default\">\n\t\t\t\t<div class=\"elementor-widget-container\">\n\t\t\t\t\t\n\t\t<div class=\"eael-countdown-wrapper\" data-countdown-id=\"6285ec0\" data-expire-type=\"text\" data-countdown-type=\"due_date\" data-expiry-text=\"&lt;p&gt;D\u00e9lut\u00e1n 5-ig m\u00e9g van id\u0151! L\u00e1togasson el az Auchan-Sziget \u00c1ruh\u00e1z parkol\u00f3j\u00e1ba az I. Csepel-szigeti Veter\u00e1ntal\u00e1lkoz\u00f3ra!&lt;\/p&gt;\" data-expiry-title=\"M\u00e1r jav\u00e1ban zajlik!\">\n\t\t\t<div class=\"eael-countdown-container eael-countdown-label-block\">\n                                    <ul id=\"eael-countdown-6285ec0\" class=\"eael-countdown-items\" data-date=\"Sep 05 2026 10:00:00 +0\">\n                        <li class=\"eael-countdown-item\"><div class=\"eael-countdown-days\"><span data-days class=\"eael-countdown-digits\">00<\/span><span class=\"eael-countdown-label\">NAP<\/span><\/div><\/li>                        <li class=\"eael-countdown-item\"><div class=\"eael-countdown-hours\"><span data-hours class=\"eael-countdown-digits\">00<\/span><span class=\"eael-countdown-label\">\u00d3RA<\/span><\/div><\/li>                        <li class=\"eael-countdown-item\"><div class=\"eael-countdown-minutes\"><span data-minutes class=\"eael-countdown-digits\">00<\/span><span class=\"eael-countdown-label\">PERC<\/span><\/div><\/li>                                            <\/ul>\n                    <div class=\"eael-countdown-expiry-template\" style=\"display: none;\">\n                                            <\/div>\n               \n\t\t\t    <div class=\"clearfix\"><\/div>\n\t\t\t<\/div>\n\t\t<\/div>\n\n\t\t\t\t\t<\/div>\n\t\t\t\t<\/div>\n\t\t\t\t<div class=\"elementor-element elementor-element-ed538f6 elementor-widget elementor-widget-text-editor\" data-id=\"ed538f6\" data-element_type=\"widget\" data-widget_type=\"text-editor.default\">\n\t\t\t\t<div class=\"elementor-widget-container\">\n\t\t\t\t\t\t\t\t\t<p>2026. <strong>szeptember 5.<\/strong><\/p><p>10.00-17.00<\/p>\t\t\t\t\t\t\t\t<\/div>\n\t\t\t\t<\/div>\n\t\t\t\t\t<\/div>\n\t\t<\/div>\n\t\t\t\t\t<\/div>\n\t\t<\/section>\n\t\t\t\t\t<\/div>\n\t\t<\/div>\n\t\t\t\t<div class=\"elementor-column elementor-col-50 elementor-top-column elementor-element elementor-element-cad89e5\" data-id=\"cad89e5\" data-element_type=\"column\">\n\t\t\t<div class=\"elementor-widget-wrap elementor-element-populated\">\n\t\t\t\t\t\t<div class=\"elementor-element elementor-element-b30c7bc animated-slow elementor-widget elementor-widget-heading\" data-id=\"b30c7bc\" data-element_type=\"widget\" data-settings=\"{&quot;_animation&quot;:&quot;none&quot;,&quot;_animation_delay&quot;:200}\" data-widget_type=\"heading.default\">\n\t\t\t\t<div class=\"elementor-widget-container\">\n\t\t\t\t\t<h2 class=\"elementor-heading-title elementor-size-default\">Hol?<\/h2>\t\t\t\t<\/div>\n\t\t\t\t<\/div>\n\t\t\t\t<div class=\"elementor-element elementor-element-4382e33 elementor-widget elementor-widget-text-editor\" data-id=\"4382e33\" data-element_type=\"widget\" data-widget_type=\"text-editor.default\">\n\t\t\t\t<div class=\"elementor-widget-container\">\n\t\t\t\t\t\t\t\t\t<div>Auchan \u00c1ruh\u00e1z Szigetszentmikl\u00f3s<\/div><div>parkol\u00f3ja<\/div>\t\t\t\t\t\t\t\t<\/div>\n\t\t\t\t<\/div>\n\t\t\t\t<div class=\"elementor-element elementor-element-472ef8d elementor-widget elementor-widget-text-editor\" data-id=\"472ef8d\" data-element_type=\"widget\" data-widget_type=\"text-editor.default\">\n\t\t\t\t<div class=\"elementor-widget-container\">\n\t\t\t\t\t\t\t\t\t<p><strong>Megk\u00f6zel\u00edt\u00e9s:<\/strong><\/p><p>Aut\u00f3val:<br \/>Csepel fel\u0151l a II. R\u00e1k\u00f3czi Ferenc \u00faton,<br \/>Az M0 aut\u00f3\u00fat fel\u0151l a 19. sz\u00e1m\u00fa kij\u00e1ratn\u00e1l.<\/p><p>T\u00f6megk\u00f6zleked\u00e9ssel:<br \/>Csepel fel\u0151l: a Szent Imre t\u00e9rr\u0151l indul\u00f3 38, 38A vagy 138 jelz\u00e9s\u0171 aut\u00f3buszokkal,<br \/>Nagyt\u00e9t\u00e9ny fel\u0151l: a Campon\u00e1t\u00f3l indul\u00f3 138 jelz\u00e9s\u0171 aut\u00f3busszal.<\/p>\t\t\t\t\t\t\t\t<\/div>\n\t\t\t\t<\/div>\n\t\t\t\t\t<\/div>\n\t\t<\/div>\n\t\t\t\t\t<\/div>\n\t\t<\/section>\n\t\t\t\t<section class=\"elementor-section elementor-top-section elementor-element elementor-element-a949277 elementor-section-boxed elementor-section-height-default elementor-section-height-default\" data-id=\"a949277\" data-element_type=\"section\" data-settings=\"{&quot;background_background&quot;:&quot;classic&quot;,&quot;xpro_backdrop_filter&quot;:&quot;yes&quot;}\">\n\t\t\t\t\t\t<div class=\"elementor-container elementor-column-gap-default\">\n\t\t\t\t\t<div class=\"elementor-column elementor-col-100 elementor-top-column elementor-element elementor-element-056720f\" data-id=\"056720f\" data-element_type=\"column\">\n\t\t\t<div class=\"elementor-widget-wrap elementor-element-populated\">\n\t\t\t\t\t\t<div class=\"elementor-element elementor-element-9a5d3fc elementor-align-center elementor-widget elementor-widget-button\" data-id=\"9a5d3fc\" data-element_type=\"widget\" data-widget_type=\"button.default\">\n\t\t\t\t<div class=\"elementor-widget-container\">\n\t\t\t\t\t\t\t\t\t<div class=\"elementor-button-wrapper\">\n\t\t\t\t\t<a class=\"elementor-button elementor-button-link elementor-size-sm\" href=\"https:\/\/maps.app.goo.gl\/yUCuSbb1gbfZeJjv8\">\n\t\t\t\t\t\t<span class=\"elementor-button-content-wrapper\">\n\t\t\t\t\t\t<span class=\"elementor-button-icon\">\n\t\t\t\t<i aria-hidden=\"true\" class=\"fas fa-map-marked-alt\"><\/i>\t\t\t<\/span>\n\t\t\t\t\t\t\t\t\t<span class=\"elementor-button-text\">\u00datvonalterv<\/span>\n\t\t\t\t\t<\/span>\n\t\t\t\t\t<\/a>\n\t\t\t\t<\/div>\n\t\t\t\t\t\t\t\t<\/div>\n\t\t\t\t<\/div>\n\t\t\t\t<div class=\"elementor-element elementor-element-e8e2f75 elementor-widget elementor-widget-image\" data-id=\"e8e2f75\" data-element_type=\"widget\" data-widget_type=\"image.default\">\n\t\t\t\t<div class=\"elementor-widget-container\">\n\t\t\t\t\t\t\t\t\t\t\t\t\t\t\t<img decoding=\"async\" width=\"1000\" height=\"1000\" src=\"https:\/\/miklosimuzeum.hu\/wp-content\/uploads\/2025\/09\/2025-09Veteran-map.jpg\" class=\"attachment-large size-large wp-image-2383\" alt=\"\" \/>\t\t\t\t\t\t\t\t\t\t\t\t\t\t\t<\/div>\n\t\t\t\t<\/div>\n\t\t\t\t<div class=\"elementor-element elementor-element-f93546e animated-slow elementor-widget elementor-widget-heading\" data-id=\"f93546e\" data-element_type=\"widget\" data-settings=\"{&quot;_animation&quot;:&quot;none&quot;,&quot;_animation_delay&quot;:200}\" data-widget_type=\"heading.default\">\n\t\t\t\t<div class=\"elementor-widget-container\">\n\t\t\t\t\t<h2 class=\"elementor-heading-title elementor-size-default\">Admission is free!<\/h2>\t\t\t\t<\/div>\n\t\t\t\t<\/div>\n\t\t\t\t<div class=\"elementor-element elementor-element-044ac4a elementor-widget elementor-widget-image\" data-id=\"044ac4a\" data-element_type=\"widget\" data-widget_type=\"image.default\">\n\t\t\t\t<div class=\"elementor-widget-container\">\n\t\t\t\t\t\t\t\t\t\t\t\t\t\t\t<img decoding=\"async\" width=\"300\" height=\"125\" src=\"https:\/\/miklosimuzeum.hu\/wp-content\/uploads\/2025\/02\/1-300x125.png\" class=\"attachment-medium size-medium wp-image-2096\" alt=\"\" \/>\t\t\t\t\t\t\t\t\t\t\t\t\t\t\t<\/div>\n\t\t\t\t<\/div>\n\t\t\t\t\t<\/div>\n\t\t<\/div>\n\t\t\t\t\t<\/div>\n\t\t<\/section>\n\t\t\t\t<section class=\"elementor-section elementor-top-section elementor-element elementor-element-07f9117 elementor-section-full_width elementor-section-height-min-height elementor-section-height-default elementor-section-items-middle\" data-id=\"07f9117\" data-element_type=\"section\" data-settings=\"{&quot;background_background&quot;:&quot;classic&quot;,&quot;shape_divider_top&quot;:&quot;tilt&quot;,&quot;shape_divider_bottom&quot;:&quot;tilt&quot;}\">\n\t\t\t\t\t\t\t<div class=\"elementor-background-overlay\"><\/div>\n\t\t\t\t\t\t<div class=\"elementor-shape elementor-shape-top\" data-negative=\"false\">\n\t\t\t<svg xmlns=\"http:\/\/www.w3.org\/2000\/svg\" viewbox=\"0 0 1000 100\" preserveaspectratio=\"none\">\n\t<path class=\"elementor-shape-fill\" d=\"M0,6V0h1000v100L0,6z\"\/>\n<\/svg>\t\t<\/div>\n\t\t\t\t<div class=\"elementor-shape elementor-shape-bottom\" data-negative=\"false\">\n\t\t\t<svg xmlns=\"http:\/\/www.w3.org\/2000\/svg\" viewbox=\"0 0 1000 100\" preserveaspectratio=\"none\">\n\t<path class=\"elementor-shape-fill\" d=\"M0,6V0h1000v100L0,6z\"\/>\n<\/svg>\t\t<\/div>\n\t\t\t\t\t<div class=\"elementor-container elementor-column-gap-default\">\n\t\t\t\t\t<div class=\"elementor-column elementor-col-100 elementor-top-column elementor-element elementor-element-b836516\" data-id=\"b836516\" data-element_type=\"column\">\n\t\t\t<div class=\"elementor-widget-wrap elementor-element-populated\">\n\t\t\t\t\t\t<section class=\"elementor-section elementor-inner-section elementor-element elementor-element-5ef5908 elementor-section-boxed elementor-section-height-default elementor-section-height-default\" data-id=\"5ef5908\" data-element_type=\"section\">\n\t\t\t\t\t\t<div class=\"elementor-container elementor-column-gap-default\">\n\t\t\t\t\t<div class=\"elementor-column elementor-col-100 elementor-inner-column elementor-element elementor-element-1e8bc58\" data-id=\"1e8bc58\" data-element_type=\"column\">\n\t\t\t<div class=\"elementor-widget-wrap elementor-element-populated\">\n\t\t\t\t\t\t<div class=\"elementor-element elementor-element-75532e5 animated-slow elementor-widget elementor-widget-heading\" data-id=\"75532e5\" data-element_type=\"widget\" data-settings=\"{&quot;_animation&quot;:&quot;none&quot;,&quot;_animation_delay&quot;:200}\" data-widget_type=\"heading.default\">\n\t\t\t\t<div class=\"elementor-widget-container\">\n\t\t\t\t\t<h2 class=\"elementor-heading-title elementor-size-default\">Felh\u00edv\u00e1s<\/h2>\t\t\t\t<\/div>\n\t\t\t\t<\/div>\n\t\t\t\t<div class=\"elementor-element elementor-element-6a3ef2a elementor-widget elementor-widget-text-editor\" data-id=\"6a3ef2a\" data-element_type=\"widget\" data-widget_type=\"text-editor.default\">\n\t\t\t\t<div class=\"elementor-widget-container\">\n\t\t\t\t\t\t\t\t\t<p><strong>Tisztelt J\u00e1rm\u0171tulajdonos!<\/strong><br \/>Amennyiben \u00d6n rendelkezik olyan veter\u00e1n j\u00e1rm\u0171vel, ami r\u00e9sze volt<strong> a szocialista Magyarorsz\u00e1g utcak\u00e9p\u00e9nek<\/strong>, k\u00fcl\u00f6n\u00f6sk\u00e9ppen Csepel teheraut\u00f3val, vagy olyan j\u00e1rm\u0171vel, amelynek b\u00e1rmely f\u0151darabj\u00e1t <strong>a szigetszentmikl\u00f3si Csepel Aut\u00f3gy\u00e1rban<\/strong> gy\u00e1rtott\u00e1k, szeretettel h\u00edvjuk, hogy vegyen r\u00e9szt rendezv\u00e9ny\u00fcnk\u00f6n!<br \/>Veter\u00e1ntal\u00e1lkoz\u00f3nkat hagyom\u00e1nyteremt\u0151 c\u00e9llal szervezz\u00fck <strong>Szigetszentmikl\u00f3son, a Csepelek sz\u00fcl\u0151v\u00e1ros\u00e1ban<\/strong>. A rendezv\u00e9ny kiv\u00e1l\u00f3 lehet\u0151s\u00e9get k\u00edn\u00e1l:<\/p><ul><li>hogy bemutassa j\u00e1rm\u0171v\u00e9t a nagyk\u00f6z\u00f6ns\u00e9gnek,<\/li><li>hogy kapcsolatot \u00e9p\u00edtsen m\u00e1s veter\u00e1nosokkal,<\/li><li>valamint hogy k\u00f6z\u00f6sen gazdag\u00edtsuk \u00e9s meg\u0151rizz\u00fck a Csepel Aut\u00f3gy\u00e1r \u00e9rt\u00e9kes \u00f6r\u00f6ks\u00e9g\u00e9t.<\/li><\/ul><p>A tal\u00e1lkoz\u00f3hoz kapcsol\u00f3d\u00f3an a Csepel Aut\u00f3 Gy\u00e1rtm\u00e1nym\u00fazeum szeretettel v\u00e1r minden olyan dokumentumot, t\u00e1rgyi eml\u00e9ket vagy t\u00f6rt\u00e9netet, amely a gy\u00e1r m\u00faltj\u00e1hoz k\u00f6t\u0151dik.<br \/>Ha r\u00e9szt venne, jelentkezzen, \u00e9s j\u00f6jj\u00f6n el az <strong>I. Csepel-szigeti Veter\u00e1ntal\u00e1lkoz\u00f3ra! Nevez\u00e9si d\u00edj nincs,<\/strong> a r\u00e9szv\u00e9tel a j\u00e1rm\u0171tulajdonosok \u00e9s a l\u00e1togat\u00f3k sz\u00e1m\u00e1ra is ingyenes.<\/p>\t\t\t\t\t\t\t\t<\/div>\n\t\t\t\t<\/div>\n\t\t\t\t\t<\/div>\n\t\t<\/div>\n\t\t\t\t\t<\/div>\n\t\t<\/section>\n\t\t\t\t\t<\/div>\n\t\t<\/div>\n\t\t\t\t\t<\/div>\n\t\t<\/section>\n\t\t\t\t<section class=\"elementor-section elementor-top-section elementor-element elementor-element-fd81546 elementor-section-boxed elementor-section-height-default elementor-section-height-default\" data-id=\"fd81546\" data-element_type=\"section\" id=\"jelentkezes\" data-settings=\"{&quot;background_background&quot;:&quot;classic&quot;}\">\n\t\t\t\t\t\t<div class=\"elementor-container elementor-column-gap-default\">\n\t\t\t\t\t<div class=\"elementor-column elementor-col-100 elementor-top-column elementor-element elementor-element-0d501ed\" data-id=\"0d501ed\" data-element_type=\"column\">\n\t\t\t<div class=\"elementor-widget-wrap elementor-element-populated\">\n\t\t\t\t\t\t<div class=\"elementor-element elementor-element-0b162ac animated-slow elementor-widget elementor-widget-heading\" data-id=\"0b162ac\" data-element_type=\"widget\" data-settings=\"{&quot;_animation&quot;:&quot;none&quot;,&quot;_animation_delay&quot;:200}\" data-widget_type=\"heading.default\">\n\t\t\t\t<div class=\"elementor-widget-container\">\n\t\t\t\t\t<h2 class=\"elementor-heading-title elementor-size-default\">Jelentkez\u00e9s<\/h2>\t\t\t\t<\/div>\n\t\t\t\t<\/div>\n\t\t\t\t<div class=\"elementor-element elementor-element-c873463 elementor-widget elementor-widget-text-editor\" data-id=\"c873463\" data-element_type=\"widget\" data-widget_type=\"text-editor.default\">\n\t\t\t\t<div class=\"elementor-widget-container\">\n\t\t\t\t\t\t\t\t\t<p><strong>A jelentkez\u00e9st hamarosan megnyitjuk!<\/strong><\/p><p>K\u00e9rj\u00fck, l\u00e1togasson vissza k\u00e9s\u0151bb, vagy k\u00fcldj\u00f6n nek\u00fcnk \u00fczenetet kapcsolatfelv\u00e9teli \u0171rlapunkon kereszt\u00fcl!<\/p>\t\t\t\t\t\t\t\t<\/div>\n\t\t\t\t<\/div>\n\t\t\t\t<div class=\"elementor-element elementor-element-1b30131 elementor-align-center elementor-widget elementor-widget-button\" data-id=\"1b30131\" data-element_type=\"widget\" data-widget_type=\"button.default\">\n\t\t\t\t<div class=\"elementor-widget-container\">\n\t\t\t\t\t\t\t\t\t<div class=\"elementor-button-wrapper\">\n\t\t\t\t\t<a class=\"elementor-button elementor-button-link elementor-size-sm\" href=\"https:\/\/miklosimuzeum.hu\/en\/kapcsolat\/\">\n\t\t\t\t\t\t<span class=\"elementor-button-content-wrapper\">\n\t\t\t\t\t\t<span class=\"elementor-button-icon\">\n\t\t\t\t<i aria-hidden=\"true\" class=\"far fa-envelope-open\"><\/i>\t\t\t<\/span>\n\t\t\t\t\t\t\t\t\t<span class=\"elementor-button-text\">Contact Us<\/span>\n\t\t\t\t\t<\/span>\n\t\t\t\t\t<\/a>\n\t\t\t\t<\/div>\n\t\t\t\t\t\t\t\t<\/div>\n\t\t\t\t<\/div>\n\t\t\t\t\t<\/div>\n\t\t<\/div>\n\t\t\t\t\t<\/div>\n\t\t<\/section>\n\t\t\t\t<\/div>","protected":false},"excerpt":{"rendered":"<p>II. Csepel-szigeti Veter\u00e1ntal\u00e1lkoz\u00f3 Oldtimer aut\u00f3k a Csepel Aut\u00f3gy\u00e1rb\u00f3l \u00e9s a szocialista ipar m\u00e1s \u00fczemeib\u0151l Mikor? M\u00e1r csak 00NAP 00\u00d3RA 00PERC 2026. szeptember 5. 10.00-17.00 Hol? Auchan \u00c1ruh\u00e1z Szigetszentmikl\u00f3sparkol\u00f3ja Megk\u00f6zel\u00edt\u00e9s: Aut\u00f3val:Csepel fel\u0151l a II. R\u00e1k\u00f3czi Ferenc \u00faton,Az M0 aut\u00f3\u00fat fel\u0151l a 19. sz\u00e1m\u00fa kij\u00e1ratn\u00e1l. T\u00f6megk\u00f6zleked\u00e9ssel:Csepel fel\u0151l: a Szent Imre t\u00e9rr\u0151l indul\u00f3 38, 38A vagy 138 jelz\u00e9s\u0171 [&hellip;]<\/p>","protected":false},"author":1,"featured_media":0,"parent":0,"menu_order":0,"comment_status":"closed","ping_status":"closed","template":"","meta":{"ub_ctt_via":"","ocean_post_layout":"full-screen","ocean_both_sidebars_style":"","ocean_both_sidebars_content_width":0,"ocean_both_sidebars_sidebars_width":0,"ocean_sidebar":"","ocean_second_sidebar":"","ocean_disable_margins":"on","ocean_add_body_class":"","ocean_shortcode_before_top_bar":"","ocean_shortcode_after_top_bar":"","ocean_shortcode_before_header":"","ocean_shortcode_after_header":"","ocean_has_shortcode":"","ocean_shortcode_after_title":"","ocean_shortcode_before_footer_widgets":"","ocean_shortcode_after_footer_widgets":"","ocean_shortcode_before_footer_bottom":"","ocean_shortcode_after_footer_bottom":"","ocean_display_top_bar":"default","ocean_display_header":"default","ocean_header_style":"","ocean_center_header_left_menu":"","ocean_custom_header_template":"","ocean_custom_logo":0,"ocean_custom_retina_logo":0,"ocean_custom_logo_max_width":0,"ocean_custom_logo_tablet_max_width":0,"ocean_custom_logo_mobile_max_width":0,"ocean_custom_logo_max_height":0,"ocean_custom_logo_tablet_max_height":0,"ocean_custom_logo_mobile_max_height":0,"ocean_header_custom_menu":"","ocean_menu_typo_font_family":"","ocean_menu_typo_font_subset":"","ocean_menu_typo_font_size":0,"ocean_menu_typo_font_size_tablet":0,"ocean_menu_typo_font_size_mobile":0,"ocean_menu_typo_font_size_unit":"px","ocean_menu_typo_font_weight":"","ocean_menu_typo_font_weight_tablet":"","ocean_menu_typo_font_weight_mobile":"","ocean_menu_typo_transform":"","ocean_menu_typo_transform_tablet":"","ocean_menu_typo_transform_mobile":"","ocean_menu_typo_line_height":0,"ocean_menu_typo_line_height_tablet":0,"ocean_menu_typo_line_height_mobile":0,"ocean_menu_typo_line_height_unit":"","ocean_menu_typo_spacing":0,"ocean_menu_typo_spacing_tablet":0,"ocean_menu_typo_spacing_mobile":0,"ocean_menu_typo_spacing_unit":"","ocean_menu_link_color":"","ocean_menu_link_color_hover":"","ocean_menu_link_color_active":"","ocean_menu_link_background":"","ocean_menu_link_hover_background":"","ocean_menu_link_active_background":"","ocean_menu_social_links_bg":"","ocean_menu_social_hover_links_bg":"","ocean_menu_social_links_color":"","ocean_menu_social_hover_links_color":"","ocean_disable_title":"on","ocean_disable_heading":"default","ocean_post_title":"","ocean_post_subheading":"","ocean_post_title_style":"","ocean_post_title_background_color":"","ocean_post_title_background":0,"ocean_post_title_bg_image_position":"","ocean_post_title_bg_image_attachment":"","ocean_post_title_bg_image_repeat":"","ocean_post_title_bg_image_size":"","ocean_post_title_height":0,"ocean_post_title_bg_overlay":0.5,"ocean_post_title_bg_overlay_color":"","ocean_disable_breadcrumbs":"default","ocean_breadcrumbs_color":"","ocean_breadcrumbs_separator_color":"","ocean_breadcrumbs_links_color":"","ocean_breadcrumbs_links_hover_color":"","ocean_display_footer_widgets":"default","ocean_display_footer_bottom":"default","ocean_custom_footer_template":"","footnotes":""},"class_list":["post-2324","page","type-page","status-publish","hentry","entry"],"featured_image_src":null,"rttpg_featured_image_url":null,"rttpg_author":{"display_name":"Miss N\u00e1ndor","author_link":"https:\/\/miklosimuzeum.hu\/en\/author\/admin\/"},"rttpg_comment":0,"rttpg_category":null,"rttpg_excerpt":"II. Csepel-szigeti Veter\u00e1ntal\u00e1lkoz\u00f3 Oldtimer aut\u00f3k a Csepel Aut\u00f3gy\u00e1rb\u00f3l \u00e9s a szocialista ipar m\u00e1s \u00fczemeib\u0151l Mikor? M\u00e1r csak 00NAP 00\u00d3RA 00PERC 2026. szeptember 5. 10.00-17.00 Hol? Auchan \u00c1ruh\u00e1z Szigetszentmikl\u00f3sparkol\u00f3ja Megk\u00f6zel\u00edt\u00e9s: Aut\u00f3val:Csepel fel\u0151l a II. R\u00e1k\u00f3czi Ferenc \u00faton,Az M0 aut\u00f3\u00fat fel\u0151l a 19. sz\u00e1m\u00fa kij\u00e1ratn\u00e1l. T\u00f6megk\u00f6zleked\u00e9ssel:Csepel fel\u0151l: a Szent Imre t\u00e9rr\u0151l indul\u00f3 38, 38A vagy 138 jelz\u00e9s\u0171&hellip;","_links":{"self":[{"href":"https:\/\/miklosimuzeum.hu\/en\/wp-json\/wp\/v2\/pages\/2324","targetHints":{"allow":["GET"]}}],"collection":[{"href":"https:\/\/miklosimuzeum.hu\/en\/wp-json\/wp\/v2\/pages"}],"about":[{"href":"https:\/\/miklosimuzeum.hu\/en\/wp-json\/wp\/v2\/types\/page"}],"author":[{"embeddable":true,"href":"https:\/\/miklosimuzeum.hu\/en\/wp-json\/wp\/v2\/users\/1"}],"replies":[{"embeddable":true,"href":"https:\/\/miklosimuzeum.hu\/en\/wp-json\/wp\/v2\/comments?post=2324"}],"version-history":[{"count":56,"href":"https:\/\/miklosimuzeum.hu\/en\/wp-json\/wp\/v2\/pages\/2324\/revisions"}],"predecessor-version":[{"id":2592,"href":"https:\/\/miklosimuzeum.hu\/en\/wp-json\/wp\/v2\/pages\/2324\/revisions\/2592"}],"wp:attachment":[{"href":"https:\/\/miklosimuzeum.hu\/en\/wp-json\/wp\/v2\/media?parent=2324"}],"curies":[{"name":"wp","href":"https:\/\/api.w.org\/{rel}","templated":true}]}}